{"id":26,"date":"2022-02-09T19:36:24","date_gmt":"2022-02-09T19:36:24","guid":{"rendered":"http:\/\/elazorg.visoftsolutions.nl\/?page_id=26"},"modified":"2022-02-12T20:30:28","modified_gmt":"2022-02-12T20:30:28","slug":"over-ons","status":"publish","type":"page","link":"https:\/\/elazorg.nl\/index.php\/over-ons\/","title":{"rendered":"Over ons"},"content":{"rendered":"\t\t<div data-elementor-type=\"wp-page\" data-elementor-id=\"26\" class=\"elementor elementor-26\" data-elementor-settings=\"[]\">\n\t\t\t\t\t\t\t<div class=\"elementor-section-wrap\">\n\t\t\t\t\t\t\t<section class=\"elementor-section elementor-top-section elementor-element elementor-element-b0fa2a0 elementor-section-boxed elementor-section-height-default elementor-section-height-default\" data-id=\"b0fa2a0\" data-element_type=\"section\">\n\t\t\t\t\t\t<div class=\"elementor-container elementor-column-gap-default\">\n\t\t\t\t\t<div class=\"elementor-column elementor-col-100 elementor-top-column elementor-element elementor-element-5cf0674\" data-id=\"5cf0674\" data-element_type=\"column\">\n\t\t\t<div class=\"elementor-widget-wrap elementor-element-populated\">\n\t\t\t\t\t\t\t\t<div class=\"elementor-element elementor-element-e7e5794 elementor-widget elementor-widget-heading\" data-id=\"e7e5794\" data-element_type=\"widget\" data-widget_type=\"heading.default\">\n\t\t\t\t<div class=\"elementor-widget-container\">\n\t\t\t<style>\/*! elementor - v3.5.5 - 03-02-2022 *\/\n.elementor-heading-title{padding:0;margin:0;line-height:1}.elementor-widget-heading .elementor-heading-title[class*=elementor-size-]>a{color:inherit;font-size:inherit;line-height:inherit}.elementor-widget-heading .elementor-heading-title.elementor-size-small{font-size:15px}.elementor-widget-heading .elementor-heading-title.elementor-size-medium{font-size:19px}.elementor-widget-heading .elementor-heading-title.elementor-size-large{font-size:29px}.elementor-widget-heading .elementor-heading-title.elementor-size-xl{font-size:39px}.elementor-widget-heading .elementor-heading-title.elementor-size-xxl{font-size:59px}<\/style><h1 class=\"elementor-heading-title elementor-size-default\">Wie wij zijn<\/h1>\t\t<\/div>\n\t\t\t\t<\/div>\n\t\t\t\t<div class=\"elementor-element elementor-element-0096a3a elementor-widget elementor-widget-text-editor\" data-id=\"0096a3a\" data-element_type=\"widget\" data-widget_type=\"text-editor.default\">\n\t\t\t\t<div class=\"elementor-widget-container\">\n\t\t\t<style>\/*! elementor - v3.5.5 - 03-02-2022 *\/\n.elementor-widget-text-editor.elementor-drop-cap-view-stacked .elementor-drop-cap{background-color:#818a91;color:#fff}.elementor-widget-text-editor.elementor-drop-cap-view-framed .elementor-drop-cap{color:#818a91;border:3px solid;background-color:transparent}.elementor-widget-text-editor:not(.elementor-drop-cap-view-default) .elementor-drop-cap{margin-top:8px}.elementor-widget-text-editor:not(.elementor-drop-cap-view-default) .elementor-drop-cap-letter{width:1em;height:1em}.elementor-widget-text-editor .elementor-drop-cap{float:left;text-align:center;line-height:1;font-size:50px}.elementor-widget-text-editor .elementor-drop-cap-letter{display:inline-block}<\/style>\t\t\t\t<p>De basisgedachte van onze instelling is; iedereen binnen onze samenleving doet ertoe en moet een kans krijgen deel te nemen aan deze samenleving, ondanks zijn\/haar beperking en\/of zorgvraag. Een goede relatie met de zorgvrager is essentieel om het zorgaanbod individueel en cli\u00ebntgericht te kunnen afstemmen en garanderen, waarbij de privacy en het welzijn van de cli\u00ebnt voorop staan. Wij bieden hoogwaardige ondersteuning, niet het probleemgedrag van de cli\u00ebnt staat centraal, maar zijn of haar competenties of mogelijkheden, dus wat hij of zij wel kan. Dit doen we door middel van een methodiek genaamd de Hermeneutische cirkel. Ondersteund door korte lijnen in de organisatie, zonder daarbij de basis(kwaliteit, continu\u00efteit en veiligheid) uit het oog te verliezen.<\/p><blockquote><p>Wij zijn \u2018zorgrealist\u2019: Wij maken iemands wereld niet mooier dan het is, wel beter.<br \/>Wij proberen een balans te vinden in de zorg die men vraagt, nodig heeft en re\u00ebel kan krijgen, op basis van onze professionele inzet, kunde en indicatie.<\/p><\/blockquote><p>Deze balans kan op verschillende manieren en in combinatie gevonden worden door het af- en bijstellen van:<\/p><ul class=\"favth-list-square\"><li>Het verwachtingspatroon van de (beoogde)cli\u00ebnt ten aanzien van de zorg;<\/li><li>De mate van inzet van begeleiding;<\/li><li>Indicatie(zzp).<\/li><\/ul>\t\t\t\t\t\t<\/div>\n\t\t\t\t<\/div>\n\t\t\t\t\t<\/div>\n\t\t<\/div>\n\t\t\t\t\t\t\t<\/div>\n\t\t<\/section>\n\t\t\t\t\t\t<\/div>\n\t\t\t\t\t<\/div>\n\t\t","protected":false},"excerpt":{"rendered":"<p>Wie wij zijn De basisgedachte van onze instelling is; iedereen binnen onze samenleving doet ertoe en moet een kans krijgen deel te nemen aan deze samenleving, ondanks zijn\/haar beperking en\/of zorgvraag. Een goede relatie met de zorgvrager is essentieel om het zorgaanbod individueel en cli\u00ebntgericht te kunnen afstemmen en garanderen, waarbij de privacy en het [&hellip;]<\/p>\n","protected":false},"author":1,"featured_media":0,"parent":0,"menu_order":0,"comment_status":"closed","ping_status":"closed","template":"","meta":[],"_links":{"self":[{"href":"https:\/\/elazorg.nl\/index.php\/wp-json\/wp\/v2\/pages\/26"}],"collection":[{"href":"https:\/\/elazorg.nl\/index.php\/wp-json\/wp\/v2\/pages"}],"about":[{"href":"https:\/\/elazorg.nl\/index.php\/wp-json\/wp\/v2\/types\/page"}],"author":[{"embeddable":true,"href":"https:\/\/elazorg.nl\/index.php\/wp-json\/wp\/v2\/users\/1"}],"replies":[{"embeddable":true,"href":"https:\/\/elazorg.nl\/index.php\/wp-json\/wp\/v2\/comments?post=26"}],"version-history":[{"count":4,"href":"https:\/\/elazorg.nl\/index.php\/wp-json\/wp\/v2\/pages\/26\/revisions"}],"predecessor-version":[{"id":220,"href":"https:\/\/elazorg.nl\/index.php\/wp-json\/wp\/v2\/pages\/26\/revisions\/220"}],"wp:attachment":[{"href":"https:\/\/elazorg.nl\/index.php\/wp-json\/wp\/v2\/media?parent=26"}],"curies":[{"name":"wp","href":"https:\/\/api.w.org\/{rel}","templated":true}]}}