{"id":34,"date":"2022-02-09T19:37:32","date_gmt":"2022-02-09T19:37:32","guid":{"rendered":"http:\/\/elazorg.visoftsolutions.nl\/?page_id=34"},"modified":"2024-03-19T18:37:24","modified_gmt":"2024-03-19T18:37:24","slug":"medezeggenschap-bewoners","status":"publish","type":"page","link":"https:\/\/elazorg.nl\/index.php\/medezeggenschap-bewoners\/","title":{"rendered":"Medezeggenschap bewoners"},"content":{"rendered":"\t\t<div data-elementor-type=\"wp-page\" data-elementor-id=\"34\" class=\"elementor elementor-34\" data-elementor-settings=\"[]\">\n\t\t\t\t\t\t\t<div class=\"elementor-section-wrap\">\n\t\t\t\t\t\t\t<section class=\"elementor-section elementor-top-section elementor-element elementor-element-b5ef5e1 elementor-section-boxed elementor-section-height-default elementor-section-height-default\" data-id=\"b5ef5e1\" data-element_type=\"section\">\n\t\t\t\t\t\t<div class=\"elementor-container elementor-column-gap-default\">\n\t\t\t\t\t<div class=\"elementor-column elementor-col-100 elementor-top-column elementor-element elementor-element-ff9de86\" data-id=\"ff9de86\" data-element_type=\"column\">\n\t\t\t<div class=\"elementor-widget-wrap elementor-element-populated\">\n\t\t\t\t\t\t\t\t<div class=\"elementor-element elementor-element-18252cc elementor-widget elementor-widget-heading\" data-id=\"18252cc\" data-element_type=\"widget\" data-widget_type=\"heading.default\">\n\t\t\t\t<div class=\"elementor-widget-container\">\n\t\t\t<style>\/*! elementor - v3.5.5 - 03-02-2022 *\/\n.elementor-heading-title{padding:0;margin:0;line-height:1}.elementor-widget-heading .elementor-heading-title[class*=elementor-size-]>a{color:inherit;font-size:inherit;line-height:inherit}.elementor-widget-heading .elementor-heading-title.elementor-size-small{font-size:15px}.elementor-widget-heading .elementor-heading-title.elementor-size-medium{font-size:19px}.elementor-widget-heading .elementor-heading-title.elementor-size-large{font-size:29px}.elementor-widget-heading .elementor-heading-title.elementor-size-xl{font-size:39px}.elementor-widget-heading .elementor-heading-title.elementor-size-xxl{font-size:59px}<\/style><h1 class=\"elementor-heading-title elementor-size-default\">Verantwoording medezeggenschap cli\u00ebnten<\/h1>\t\t<\/div>\n\t\t\t\t<\/div>\n\t\t\t\t<div class=\"elementor-element elementor-element-a2100e1 elementor-widget elementor-widget-text-editor\" data-id=\"a2100e1\" data-element_type=\"widget\" data-widget_type=\"text-editor.default\">\n\t\t\t\t<div class=\"elementor-widget-container\">\n\t\t\t<style>\/*! elementor - v3.5.5 - 03-02-2022 *\/\n.elementor-widget-text-editor.elementor-drop-cap-view-stacked .elementor-drop-cap{background-color:#818a91;color:#fff}.elementor-widget-text-editor.elementor-drop-cap-view-framed .elementor-drop-cap{color:#818a91;border:3px solid;background-color:transparent}.elementor-widget-text-editor:not(.elementor-drop-cap-view-default) .elementor-drop-cap{margin-top:8px}.elementor-widget-text-editor:not(.elementor-drop-cap-view-default) .elementor-drop-cap-letter{width:1em;height:1em}.elementor-widget-text-editor .elementor-drop-cap{float:left;text-align:center;line-height:1;font-size:50px}.elementor-widget-text-editor .elementor-drop-cap-letter{display:inline-block}<\/style>\t\t\t\t<p><b>Beleidsplan inspraak<\/b><\/p><p>De Wmcz 2018 geeft zorgaanbieders veel ruimte om zelf in te vullen hoe zij inspraak organiseren en\u00a0<span style=\"font-size: inherit; text-align: inherit; color: var( --e-global-color-text ); font-family: var( --e-global-typography-text-font-family ), Sans-serif; font-weight: var( --e-global-typography-text-font-weight ); letter-spacing: -0.015em;\">over welke concrete onderwerpen cli\u00ebnten en hun vertegenwoordigers gelegenheid krijgen om hun\u00a0<\/span><span style=\"font-size: inherit; text-align: inherit; color: var( --e-global-color-text ); font-family: var( --e-global-typography-text-font-family ), Sans-serif; font-weight: var( --e-global-typography-text-font-weight ); letter-spacing: -0.015em;\">mening te geven. Dit kan geconcretiseerd worden in een beleidsplan inspraak. Het ligt voor de hand\u00a0<\/span><span style=\"font-size: inherit; text-align: inherit; color: var( --e-global-color-text ); font-family: var( --e-global-typography-text-font-family ), Sans-serif; font-weight: var( --e-global-typography-text-font-weight ); letter-spacing: -0.015em;\">dat zorgaanbieders bij het opstellen daarvan de cli\u00ebntenraad betrekken. De raad zal hierover immers\u00a0<\/span><span style=\"font-size: inherit; text-align: inherit; color: var( --e-global-color-text ); font-family: var( --e-global-typography-text-font-family ), Sans-serif; font-weight: var( --e-global-typography-text-font-weight ); letter-spacing: -0.015em;\">idee\u00ebn hebben en moet bovendien ook zelf met de resultaten van de inspraak aan de slag gaan.<\/span><\/p><p>Het doel van inspraak; het doel van inspraak is dat je steeds met elkaar in gesprek bent. Dat je wordt gehoord als cli\u00ebnt en naasten. Dat er iets gebeurt met de uitkomsten van inspraak. En dat iedereen te horen krijgt w\u00e1t er met de uitkomsten is gedaan. Zo kun je samen zorgen voor een goed leven van cli\u00ebnten.<span style=\"font-size: inherit; text-align: inherit; color: var( --e-global-color-text ); font-family: var( --e-global-typography-text-font-family ), Sans-serif; font-weight: var( --e-global-typography-text-font-weight ); letter-spacing: -0.015em;\"><br \/><\/span><\/p><p>Wat is inspraak?<\/p><p>Je hebt zeggenschap, medezeggenschap en inspraak.\u00a0<\/p><ul><li><strong>Zeggenschap<\/strong> betekent dat je als cli\u00ebnt zegt wat voor jou belangrijk is. En wat jij nodig hebt in het <span style=\"font-size: inherit; text-align: inherit; color: var( --e-global-color-text ); font-family: var( --e-global-typography-text-font-family ), Sans-serif; font-weight: var( --e-global-typography-text-font-weight ); letter-spacing: -0.015em;\">dagelijks leven. Daar kun je zelf over beslissen. Dit doe je bijvoorbeeld voor jouw zorgplan.<\/span><\/li><li><span style=\"font-size: inherit; text-align: inherit; color: var( --e-global-color-text ); font-family: var( --e-global-typography-text-font-family ), Sans-serif; font-weight: var( --e-global-typography-text-font-weight ); letter-spacing: -0.015em;\">Bij <strong>medezeggenschap<\/strong> kom je op voor de gezamenlijke wensen en belangen van cli\u00ebnten bij een <\/span><span style=\"font-size: inherit; text-align: inherit; color: var( --e-global-color-text ); font-family: var( --e-global-typography-text-font-family ), Sans-serif; font-weight: var( --e-global-typography-text-font-weight ); letter-spacing: -0.015em;\">zorgorganisatie. Dit gebeurt in een cli\u00ebntenraad.<\/span><\/li><li>Bij <strong>inspraak<\/strong> vertellen cli\u00ebnten en naasten over wat hun wensen en meningen zijn. Over\u00a0<span style=\"font-size: inherit; text-align: inherit; color: var( --e-global-color-text ); font-family: var( --e-global-typography-text-font-family ), Sans-serif; font-weight: var( --e-global-typography-text-font-weight ); letter-spacing: -0.015em;\">onderwerpen die belangrijk zijn in het dagelijks leven van cli\u00ebnten. Ook cli\u00ebnten en naasten die niet\u00a0<\/span><span style=\"font-size: inherit; text-align: inherit; color: var( --e-global-color-text ); font-family: var( --e-global-typography-text-font-family ), Sans-serif; font-weight: var( --e-global-typography-text-font-weight ); letter-spacing: -0.015em;\">in de cli\u00ebntenraad zitten. Zij delen hun wensen en meningen met de zorgorganisatie en de\u00a0<\/span><span style=\"font-size: inherit; text-align: inherit; color: var( --e-global-color-text ); font-family: var( --e-global-typography-text-font-family ), Sans-serif; font-weight: var( --e-global-typography-text-font-weight ); letter-spacing: -0.015em;\">cli\u00ebntenraden.<\/span><\/li><\/ul><p>Kernbegrippen<\/p><ul><li>Draagvlak en wederzijds vertrouwen cre\u00ebren.<\/li><li>Van overleg naar dialoog.<\/li><li>Zicht op zorg dankzij ONS-functie om rapportages mee te lezen en informatie toe te voegen.<\/li><li>Terugkoppeling.<\/li><\/ul><p><strong>1. Doelstelling:<\/strong><\/p><p>Het doel van dit beleid is om een gestructureerd en effectief mechanisme voor inspraak te bieden aan cli\u00ebnten met een handicap, hun vertegenwoordigers en verwanten binnen onze zorginstelling. Inspraak is essentieel om de kwaliteit van zorg te waarborgen, de tevredenheid van de cli\u00ebnten te<br \/>verbeteren en een inclusieve zorgomgeving te bevorderen.<\/p><p><strong>2. Principes van inspraak:<\/strong><\/p><p>&#8211; Gelijke toegang: Elk individu, ongeacht hun handicap of communicatievaardigheden, heeft het recht om zijn of haar mening te uiten en deel te nemen aan besluitvormingsprocessen die van invloed zijn op hun zorg.<\/p><p>&#8211; Respect: We respecteren de unieke behoeften, voorkeuren en standpunten van elke cli\u00ebnt, vertegenwoordiger en verwant en zorgen voor een cultuur van openheid en respectvolle communicatie.<\/p><p>&#8211; Inclusiviteit: We streven ernaar om diverse inspraakmogelijkheden te bieden die rekening houden met verschillende communicatiestijlen, capaciteiten en voorkeuren van onze cli\u00ebnten en hun vertegenwoordigers en verwanten.<\/p><p>&#8211; Transparantie: We communiceren duidelijk over inspraakmogelijkheden, besluitvormingsprocessen en de uitkomsten van inspraakinitiatieven.<\/p><p><strong>3. Inspraakmogelijkheden:<\/strong><\/p><p>&#8211; Cli\u00ebntenraad: We ondersteunen de oprichting en werking van een cli\u00ebntenraad met zitting van vertegenwoordigers en verwanten. De cli\u00ebntenraad heeft als doel om de belangen van cli\u00ebnten te behartigen, feedback te geven over de kwaliteit van zorg en betrokken te worden bij besluitvormingsprocessen. Jaarlijks wordt er een enqu\u00eate gehouden om tot oprichting te komen.<\/p><p>&#8211; Verwantenraad: Een informele samenkomst per kwartaal van een afvaardiging van ouders die samen met de directie &#8216;knelpunten&#8217; en vragen bespreken.<\/p><p>&#8211; Individuele gesprekken: We bieden regelmatig individuele gesprekken aan tussen cli\u00ebnten, hun vertegenwoordigers en zorgverleners om feedback te verzamelen, zorgplannen te bespreken en beslissingen te nemen in overleg met de cli\u00ebnt.<\/p><p>&#8211; Tevredenheidsenqu\u00eates: We voeren regelmatig tevredenheidsenqu\u00eates uit onder cli\u00ebnten, vertegenwoordigers en\/of verwanten om hun ervaringen en meningen over de geboden zorg te evalueren en verbeterpunten te identificeren.<\/p><p>&#8211; Bijeenkomsten: We organiseren periodiek bijeenkomsten (&#8216;fairs\u00b4) waar familieleden en verwanten informeel samen kunnen komen om informatie te delen, een meet&amp;great te houden, en te ervaren wat Elazorg op het gebied van dagbesteding voortbrengt.<\/p><p>&#8211; Huiskameroverleg: Maandelijks wordt er per woongroep een huiskameroverleg georganiseerd waarbij een ieder punten van algemeen belang kan inbrengen.<\/p><p><strong>4. Verantwoordelijkheden: <\/strong><\/p><p>&#8211; Zorgverleners zijn verantwoordelijk voor het actief betrekken van cli\u00ebnten, vertegenwoordigers en verwanten bij besluitvormingsprocessen die van invloed zijn op hun zorg.<\/p><p>&#8211; Het management is verantwoordelijk voor het faciliteren van inspraakmogelijkheden, het ondersteunen van de cli\u00ebntenraad en het waarborgen van transparantie en open communicatie.<\/p><p>&#8211; Cli\u00ebnten, vertegenwoordigers en verwanten worden aangemoedigd om actief deel te nemen aan inspraakinitiatieven, feedback te geven en bij te dragen aan de verbetering van de zorg.<\/p><p><strong>5. Evaluatie en verbetering:<\/strong><\/p><p>Dit beleid zal regelmatig worden ge\u00ebvalueerd om de effectiviteit van de inspraakmogelijkheden te beoordelen en verbeteringen aan te brengen op basis van feedback van cli\u00ebnten, vertegenwoordigers, verwanten en zorgverleners. Aanpassingen zullen worden gemaakt om ervoor te zorgen dat inspraakprocessen voldoen aan de behoeften en verwachtingen van alle betrokkenen in de gehandicaptenzorg.<\/p>\t\t\t\t\t\t<\/div>\n\t\t\t\t<\/div>\n\t\t\t\t\t<\/div>\n\t\t<\/div>\n\t\t\t\t\t\t\t<\/div>\n\t\t<\/section>\n\t\t\t\t\t\t<\/div>\n\t\t\t\t\t<\/div>\n\t\t","protected":false},"excerpt":{"rendered":"<p>Verantwoording medezeggenschap cli\u00ebnten Beleidsplan inspraak De Wmcz 2018 geeft zorgaanbieders veel ruimte om zelf in te vullen hoe zij inspraak organiseren en\u00a0over welke concrete onderwerpen cli\u00ebnten en hun vertegenwoordigers gelegenheid krijgen om hun\u00a0mening te geven. Dit kan geconcretiseerd worden in een beleidsplan inspraak. Het ligt voor de hand\u00a0dat zorgaanbieders bij het opstellen daarvan de cli\u00ebntenraad [&hellip;]<\/p>\n","protected":false},"author":1,"featured_media":0,"parent":0,"menu_order":0,"comment_status":"closed","ping_status":"closed","template":"","meta":[],"_links":{"self":[{"href":"https:\/\/elazorg.nl\/index.php\/wp-json\/wp\/v2\/pages\/34"}],"collection":[{"href":"https:\/\/elazorg.nl\/index.php\/wp-json\/wp\/v2\/pages"}],"about":[{"href":"https:\/\/elazorg.nl\/index.php\/wp-json\/wp\/v2\/types\/page"}],"author":[{"embeddable":true,"href":"https:\/\/elazorg.nl\/index.php\/wp-json\/wp\/v2\/users\/1"}],"replies":[{"embeddable":true,"href":"https:\/\/elazorg.nl\/index.php\/wp-json\/wp\/v2\/comments?post=34"}],"version-history":[{"count":19,"href":"https:\/\/elazorg.nl\/index.php\/wp-json\/wp\/v2\/pages\/34\/revisions"}],"predecessor-version":[{"id":667,"href":"https:\/\/elazorg.nl\/index.php\/wp-json\/wp\/v2\/pages\/34\/revisions\/667"}],"wp:attachment":[{"href":"https:\/\/elazorg.nl\/index.php\/wp-json\/wp\/v2\/media?parent=34"}],"curies":[{"name":"wp","href":"https:\/\/api.w.org\/{rel}","templated":true}]}}